{"id":537,"date":"2024-02-05T18:37:43","date_gmt":"2024-02-06T00:37:43","guid":{"rendered":"https:\/\/arji.edu.mx\/?page_id=537"},"modified":"2026-04-01T15:14:59","modified_gmt":"2026-04-01T21:14:59","slug":"oferta-educativa","status":"publish","type":"page","link":"https:\/\/arji.edu.mx\/en\/oferta-educativa\/","title":{"rendered":"Educational Offer"},"content":{"rendered":"<div data-elementor-type=\"wp-page\" data-elementor-id=\"537\" class=\"elementor elementor-537\" data-elementor-post-type=\"page\">\n\t\t\t\t<div class=\"elementor-element elementor-element-36f5a498 e-flex e-con-boxed e-con e-parent\" data-id=\"36f5a498\" data-element_type=\"container\" data-settings=\"{&quot;background_background&quot;:&quot;classic&quot;}\">\n\t\t\t\t\t<div class=\"e-con-inner\">\n\t\t\t\t<div class=\"elementor-element elementor-element-2983705e elementor-widget elementor-widget-text-editor\" data-id=\"2983705e\" data-element_type=\"widget\" data-widget_type=\"text-editor.default\">\n\t\t\t\t<div class=\"elementor-widget-container\">\n\t\t\t\t\t\t\t\t\t<p><a href=\"https:\/\/arji.edu.mx\/en\/\">Home<\/a> &gt; EDUCATIONAL OFFER<\/p>\t\t\t\t\t\t\t\t<\/div>\n\t\t\t\t<\/div>\n\t\t\t\t\t<\/div>\n\t\t\t\t<\/div>\n\t\t<div class=\"elementor-element elementor-element-58552950 e-flex e-con-boxed e-con e-parent\" data-id=\"58552950\" data-element_type=\"container\">\n\t\t\t\t\t<div class=\"e-con-inner\">\n\t\t<div class=\"elementor-element elementor-element-11fd7561 e-con-full e-flex e-con e-child\" data-id=\"11fd7561\" data-element_type=\"container\">\n\t\t\t\t<div class=\"elementor-element elementor-element-3543bbf2 elementor-widget elementor-widget-heading\" data-id=\"3543bbf2\" data-element_type=\"widget\" data-widget_type=\"heading.default\">\n\t\t\t\t<div class=\"elementor-widget-container\">\n\t\t\t\t\t<h6 class=\"elementor-heading-title elementor-size-default\">Our offer<\/h6>\t\t\t\t<\/div>\n\t\t\t\t<\/div>\n\t\t\t\t<div class=\"elementor-element elementor-element-357e3aa1 elementor-widget elementor-widget-heading\" data-id=\"357e3aa1\" data-element_type=\"widget\" data-widget_type=\"heading.default\">\n\t\t\t\t<div class=\"elementor-widget-container\">\n\t\t\t\t\t<h2 class=\"elementor-heading-title elementor-size-default\">Inspiramos la excelencia y nutrimos los sue\u00f1os,\nfomentando la indagaci\u00f3n, la reflexi\u00f3n y el\ncompromiso con la construcci\u00f3n de un mejor\nmundo basado en valores del perfil IB.<\/h2>\t\t\t\t<\/div>\n\t\t\t\t<\/div>\n\t\t\t\t<\/div>\n\t\t\t\t\t<\/div>\n\t\t\t\t<\/div>\n\t\t<div class=\"elementor-element elementor-element-12bf72ec e-flex e-con-boxed e-con e-parent\" data-id=\"12bf72ec\" data-element_type=\"container\">\n\t\t\t\t\t<div class=\"e-con-inner\">\n\t\t<div class=\"elementor-element elementor-element-c77ab92 e-grid e-con-boxed e-con e-child\" data-id=\"c77ab92\" data-element_type=\"container\">\n\t\t\t\t\t<div class=\"e-con-inner\">\n\t\t<div class=\"elementor-element elementor-element-5374753 e-con-full animated-slow e-flex elementor-invisible e-con e-child\" data-id=\"5374753\" data-element_type=\"container\" data-settings=\"{&quot;background_background&quot;:&quot;classic&quot;,&quot;animation&quot;:&quot;fadeInUp&quot;,&quot;animation_delay&quot;:200}\">\n\t\t<a class=\"eael-wrapper-link-b48d192 --eael-wrapper-link-tag\" href=\"https:\/\/arji.edu.mx\/en\/oferta-educativa\/preescolar\/\"><\/a><div data-eael-wrapper-link=\"eael-wrapper-link-b48d192\" class=\"elementor-element elementor-element-b48d192 e-con-full e-flex e-con e-child\" data-id=\"b48d192\" data-element_type=\"container\">\n\t\t\t\t<div class=\"elementor-element elementor-element-6cc1b35 elementor-absolute elementor-widget elementor-widget-image\" data-id=\"6cc1b35\" data-element_type=\"widget\" data-settings=\"{&quot;_position&quot;:&quot;absolute&quot;}\" data-widget_type=\"image.default\">\n\t\t\t\t<div class=\"elementor-widget-container\">\n\t\t\t\t\t\t\t\t\t\t\t\t\t\t\t<img decoding=\"async\" width=\"278\" height=\"72\" src=\"https:\/\/arji.edu.mx\/wp-content\/uploads\/2026\/03\/logo-PEP.webp\" class=\"attachment-large size-large wp-image-10134\" alt=\"\" srcset=\"https:\/\/arji.edu.mx\/wp-content\/uploads\/2026\/03\/logo-PEP.webp 278w, https:\/\/arji.edu.mx\/wp-content\/uploads\/2026\/03\/logo-PEP-18x5.webp 18w\" sizes=\"(max-width: 278px) 100vw, 278px\" \/>\t\t\t\t\t\t\t\t\t\t\t\t\t\t\t<\/div>\n\t\t\t\t<\/div>\n\t\t\t\t<div class=\"elementor-element elementor-element-f353862 elementor-widget elementor-widget-heading\" data-id=\"f353862\" data-element_type=\"widget\" data-widget_type=\"heading.default\">\n\t\t\t\t<div class=\"elementor-widget-container\">\n\t\t\t\t\t<h4 class=\"elementor-heading-title elementor-size-default\"><a href=\"https:\/\/arji.edu.mx\/en\/oferta-educativa\/preescolar\/\">Preschool<\/a><\/h4>\t\t\t\t<\/div>\n\t\t\t\t<\/div>\n\t\t\t\t<div class=\"elementor-element elementor-element-fd0d7a6 elementor-widget elementor-widget-button\" data-id=\"fd0d7a6\" data-element_type=\"widget\" data-widget_type=\"button.default\">\n\t\t\t\t<div class=\"elementor-widget-container\">\n\t\t\t\t\t\t\t\t\t<div class=\"elementor-button-wrapper\">\n\t\t\t\t\t<a class=\"elementor-button elementor-button-link elementor-size-sm elementor-animation-grow\" href=\"https:\/\/arji.edu.mx\/en\/oferta-educativa\/preescolar\/\">\n\t\t\t\t\t\t<span class=\"elementor-button-content-wrapper\">\n\t\t\t\t\t\t<span class=\"elementor-button-icon\">\n\t\t\t\t<i aria-hidden=\"true\" class=\"icon icon-arrow-right\"><\/i>\t\t\t<\/span>\n\t\t\t\t\t\t\t\t\t<span class=\"elementor-button-text\">read more<\/span>\n\t\t\t\t\t<\/span>\n\t\t\t\t\t<\/a>\n\t\t\t\t<\/div>\n\t\t\t\t\t\t\t\t<\/div>\n\t\t\t\t<\/div>\n\t\t\t\t<\/div>\n\t\t\t\t<\/div>\n\t\t<div class=\"elementor-element elementor-element-6bd8deb0 e-con-full animated-slow e-flex elementor-invisible e-con e-child\" data-id=\"6bd8deb0\" data-element_type=\"container\" data-settings=\"{&quot;background_background&quot;:&quot;classic&quot;,&quot;animation&quot;:&quot;fadeInUp&quot;,&quot;animation_delay&quot;:200}\">\n\t\t<a class=\"eael-wrapper-link-71a7eb4d --eael-wrapper-link-tag\" href=\"https:\/\/arji.edu.mx\/en\/oferta-educativa\/primaria\/\"><\/a><div data-eael-wrapper-link=\"eael-wrapper-link-71a7eb4d\" class=\"elementor-element elementor-element-71a7eb4d e-con-full e-flex e-con e-child\" data-id=\"71a7eb4d\" data-element_type=\"container\">\n\t\t\t\t<div class=\"elementor-element elementor-element-5c722dc elementor-absolute elementor-widget elementor-widget-image\" data-id=\"5c722dc\" data-element_type=\"widget\" data-settings=\"{&quot;_position&quot;:&quot;absolute&quot;}\" data-widget_type=\"image.default\">\n\t\t\t\t<div class=\"elementor-widget-container\">\n\t\t\t\t\t\t\t\t\t\t\t\t\t\t\t<img decoding=\"async\" width=\"278\" height=\"72\" src=\"https:\/\/arji.edu.mx\/wp-content\/uploads\/2026\/03\/logo-PEP.webp\" class=\"attachment-large size-large wp-image-10134\" alt=\"\" srcset=\"https:\/\/arji.edu.mx\/wp-content\/uploads\/2026\/03\/logo-PEP.webp 278w, https:\/\/arji.edu.mx\/wp-content\/uploads\/2026\/03\/logo-PEP-18x5.webp 18w\" sizes=\"(max-width: 278px) 100vw, 278px\" \/>\t\t\t\t\t\t\t\t\t\t\t\t\t\t\t<\/div>\n\t\t\t\t<\/div>\n\t\t\t\t<div class=\"elementor-element elementor-element-2308251c elementor-widget elementor-widget-heading\" data-id=\"2308251c\" data-element_type=\"widget\" data-widget_type=\"heading.default\">\n\t\t\t\t<div class=\"elementor-widget-container\">\n\t\t\t\t\t<h4 class=\"elementor-heading-title elementor-size-default\">Primary<\/h4>\t\t\t\t<\/div>\n\t\t\t\t<\/div>\n\t\t\t\t<div class=\"elementor-element elementor-element-205d5240 elementor-widget elementor-widget-button\" data-id=\"205d5240\" data-element_type=\"widget\" data-widget_type=\"button.default\">\n\t\t\t\t<div class=\"elementor-widget-container\">\n\t\t\t\t\t\t\t\t\t<div class=\"elementor-button-wrapper\">\n\t\t\t\t\t<a class=\"elementor-button elementor-button-link elementor-size-sm elementor-animation-grow\" href=\"https:\/\/arji.edu.mx\/en\/oferta-educativa\/primaria\/\">\n\t\t\t\t\t\t<span class=\"elementor-button-content-wrapper\">\n\t\t\t\t\t\t<span class=\"elementor-button-icon\">\n\t\t\t\t<i aria-hidden=\"true\" class=\"icon icon-arrow-right\"><\/i>\t\t\t<\/span>\n\t\t\t\t\t\t\t\t\t<span class=\"elementor-button-text\">read more<\/span>\n\t\t\t\t\t<\/span>\n\t\t\t\t\t<\/a>\n\t\t\t\t<\/div>\n\t\t\t\t\t\t\t\t<\/div>\n\t\t\t\t<\/div>\n\t\t\t\t<\/div>\n\t\t\t\t<\/div>\n\t\t<div class=\"elementor-element elementor-element-7050a8f1 e-con-full animated-slow e-flex elementor-invisible e-con e-child\" data-id=\"7050a8f1\" data-element_type=\"container\" data-settings=\"{&quot;background_background&quot;:&quot;classic&quot;,&quot;animation&quot;:&quot;fadeInUp&quot;,&quot;animation_delay&quot;:400}\">\n\t\t\t\t<div class=\"elementor-element elementor-element-62a9c48 elementor-widget elementor-widget-image\" data-id=\"62a9c48\" data-element_type=\"widget\" data-widget_type=\"image.default\">\n\t\t\t\t<div class=\"elementor-widget-container\">\n\t\t\t\t\t\t\t\t\t\t\t\t\t\t\t<img decoding=\"async\" width=\"289\" height=\"72\" src=\"https:\/\/arji.edu.mx\/wp-content\/uploads\/2026\/03\/logo-PAI.webp\" class=\"attachment-large size-large wp-image-10142\" alt=\"\" srcset=\"https:\/\/arji.edu.mx\/wp-content\/uploads\/2026\/03\/logo-PAI.webp 289w, https:\/\/arji.edu.mx\/wp-content\/uploads\/2026\/03\/logo-PAI-18x4.webp 18w\" sizes=\"(max-width: 289px) 100vw, 289px\" \/>\t\t\t\t\t\t\t\t\t\t\t\t\t\t\t<\/div>\n\t\t\t\t<\/div>\n\t\t<a class=\"eael-wrapper-link-481781e4 --eael-wrapper-link-tag\" href=\"https:\/\/arji.edu.mx\/en\/oferta-educativa\/secundaria\/\"><\/a><div data-eael-wrapper-link=\"eael-wrapper-link-481781e4\" class=\"elementor-element elementor-element-481781e4 e-con-full e-flex e-con e-child\" data-id=\"481781e4\" data-element_type=\"container\">\n\t\t\t\t<div class=\"elementor-element elementor-element-4032f16a elementor-widget elementor-widget-heading\" data-id=\"4032f16a\" data-element_type=\"widget\" data-widget_type=\"heading.default\">\n\t\t\t\t<div class=\"elementor-widget-container\">\n\t\t\t\t\t<h4 class=\"elementor-heading-title elementor-size-default\">Secondary<\/h4>\t\t\t\t<\/div>\n\t\t\t\t<\/div>\n\t\t\t\t<div class=\"elementor-element elementor-element-286ec108 elementor-widget elementor-widget-button\" data-id=\"286ec108\" data-element_type=\"widget\" data-widget_type=\"button.default\">\n\t\t\t\t<div class=\"elementor-widget-container\">\n\t\t\t\t\t\t\t\t\t<div class=\"elementor-button-wrapper\">\n\t\t\t\t\t<a class=\"elementor-button elementor-button-link elementor-size-sm elementor-animation-grow\" href=\"https:\/\/arji.edu.mx\/en\/oferta-educativa\/secundaria\/\">\n\t\t\t\t\t\t<span class=\"elementor-button-content-wrapper\">\n\t\t\t\t\t\t<span class=\"elementor-button-icon\">\n\t\t\t\t<i aria-hidden=\"true\" class=\"icon icon-arrow-right\"><\/i>\t\t\t<\/span>\n\t\t\t\t\t\t\t\t\t<span class=\"elementor-button-text\">read more<\/span>\n\t\t\t\t\t<\/span>\n\t\t\t\t\t<\/a>\n\t\t\t\t<\/div>\n\t\t\t\t\t\t\t\t<\/div>\n\t\t\t\t<\/div>\n\t\t\t\t<\/div>\n\t\t\t\t<\/div>\n\t\t<div class=\"elementor-element elementor-element-6888421f e-con-full animated-slow e-flex elementor-invisible e-con e-child\" data-id=\"6888421f\" data-element_type=\"container\" data-settings=\"{&quot;background_background&quot;:&quot;classic&quot;,&quot;animation&quot;:&quot;fadeInUp&quot;,&quot;animation_delay&quot;:600}\">\n\t\t\t\t<div class=\"elementor-element elementor-element-1c0b6a3 elementor-widget elementor-widget-image\" data-id=\"1c0b6a3\" data-element_type=\"widget\" data-widget_type=\"image.default\">\n\t\t\t\t<div class=\"elementor-widget-container\">\n\t\t\t\t\t\t\t\t\t\t\t\t\t\t\t<img decoding=\"async\" width=\"289\" height=\"72\" src=\"https:\/\/arji.edu.mx\/wp-content\/uploads\/2026\/03\/logo-PAI.webp\" class=\"attachment-large size-large wp-image-10142\" alt=\"\" srcset=\"https:\/\/arji.edu.mx\/wp-content\/uploads\/2026\/03\/logo-PAI.webp 289w, https:\/\/arji.edu.mx\/wp-content\/uploads\/2026\/03\/logo-PAI-18x4.webp 18w\" sizes=\"(max-width: 289px) 100vw, 289px\" \/>\t\t\t\t\t\t\t\t\t\t\t\t\t\t\t<\/div>\n\t\t\t\t<\/div>\n\t\t\t\t<div class=\"elementor-element elementor-element-49dec00 elementor-widget elementor-widget-image\" data-id=\"49dec00\" data-element_type=\"widget\" data-widget_type=\"image.default\">\n\t\t\t\t<div class=\"elementor-widget-container\">\n\t\t\t\t\t\t\t\t\t\t\t\t\t\t\t<img decoding=\"async\" width=\"241\" height=\"72\" src=\"https:\/\/arji.edu.mx\/wp-content\/uploads\/2026\/03\/logo-DIPLOMA.webp\" class=\"attachment-large size-large wp-image-10133\" alt=\"\" srcset=\"https:\/\/arji.edu.mx\/wp-content\/uploads\/2026\/03\/logo-DIPLOMA.webp 241w, https:\/\/arji.edu.mx\/wp-content\/uploads\/2026\/03\/logo-DIPLOMA-18x5.webp 18w\" sizes=\"(max-width: 241px) 100vw, 241px\" \/>\t\t\t\t\t\t\t\t\t\t\t\t\t\t\t<\/div>\n\t\t\t\t<\/div>\n\t\t<a class=\"eael-wrapper-link-35c6d7f3 --eael-wrapper-link-tag\" href=\"https:\/\/arji.edu.mx\/en\/oferta-educativa\/preparatoria\/\"><\/a><div data-eael-wrapper-link=\"eael-wrapper-link-35c6d7f3\" class=\"elementor-element elementor-element-35c6d7f3 e-con-full e-flex e-con e-child\" data-id=\"35c6d7f3\" data-element_type=\"container\">\n\t\t\t\t<div class=\"elementor-element elementor-element-2a41e3f3 elementor-widget elementor-widget-heading\" data-id=\"2a41e3f3\" data-element_type=\"widget\" data-widget_type=\"heading.default\">\n\t\t\t\t<div class=\"elementor-widget-container\">\n\t\t\t\t\t<h4 class=\"elementor-heading-title elementor-size-default\">Preparatory<\/h4>\t\t\t\t<\/div>\n\t\t\t\t<\/div>\n\t\t\t\t<div class=\"elementor-element elementor-element-56873758 elementor-widget elementor-widget-button\" data-id=\"56873758\" data-element_type=\"widget\" data-widget_type=\"button.default\">\n\t\t\t\t<div class=\"elementor-widget-container\">\n\t\t\t\t\t\t\t\t\t<div class=\"elementor-button-wrapper\">\n\t\t\t\t\t<a class=\"elementor-button elementor-button-link elementor-size-sm elementor-animation-grow\" href=\"https:\/\/arji.edu.mx\/en\/oferta-educativa\/preparatoria\/\">\n\t\t\t\t\t\t<span class=\"elementor-button-content-wrapper\">\n\t\t\t\t\t\t<span class=\"elementor-button-icon\">\n\t\t\t\t<i aria-hidden=\"true\" class=\"icon icon-arrow-right\"><\/i>\t\t\t<\/span>\n\t\t\t\t\t\t\t\t\t<span class=\"elementor-button-text\">read more<\/span>\n\t\t\t\t\t<\/span>\n\t\t\t\t\t<\/a>\n\t\t\t\t<\/div>\n\t\t\t\t\t\t\t\t<\/div>\n\t\t\t\t<\/div>\n\t\t\t\t<\/div>\n\t\t\t\t<\/div>\n\t\t\t\t\t<\/div>\n\t\t\t\t<\/div>\n\t\t\t\t<div class=\"elementor-element elementor-element-c9f993b elementor-widget elementor-widget-spacer\" data-id=\"c9f993b\" data-element_type=\"widget\" data-widget_type=\"spacer.default\">\n\t\t\t\t<div class=\"elementor-widget-container\">\n\t\t\t\t\t\t\t<div class=\"elementor-spacer\">\n\t\t\t<div class=\"elementor-spacer-inner\"><\/div>\n\t\t<\/div>\n\t\t\t\t\t\t<\/div>\n\t\t\t\t<\/div>\n\t\t\t\t\t<\/div>\n\t\t\t\t<\/div>\n\t\t\t\t<\/div>","protected":false},"excerpt":{"rendered":"<p>Inicio &gt; OFERTA EDUCATIVA Nuestra oferta Inspiramos la excelencia y nutrimos los sue\u00f1os, fomentando la indagaci\u00f3n, la reflexi\u00f3n y el compromiso con la construcci\u00f3n de un mejor mundo basado en valores del perfil IB. Preescolar lee m\u00e1s Primaria lee m\u00e1s Secundaria lee m\u00e1s Preparatoria lee m\u00e1s<\/p>","protected":false},"author":1,"featured_media":0,"parent":0,"menu_order":0,"comment_status":"closed","ping_status":"closed","template":"","meta":{"footnotes":""},"class_list":["post-537","page","type-page","status-publish","hentry"],"_links":{"self":[{"href":"https:\/\/arji.edu.mx\/en\/wp-json\/wp\/v2\/pages\/537","targetHints":{"allow":["GET"]}}],"collection":[{"href":"https:\/\/arji.edu.mx\/en\/wp-json\/wp\/v2\/pages"}],"about":[{"href":"https:\/\/arji.edu.mx\/en\/wp-json\/wp\/v2\/types\/page"}],"author":[{"embeddable":true,"href":"https:\/\/arji.edu.mx\/en\/wp-json\/wp\/v2\/users\/1"}],"replies":[{"embeddable":true,"href":"https:\/\/arji.edu.mx\/en\/wp-json\/wp\/v2\/comments?post=537"}],"version-history":[{"count":189,"href":"https:\/\/arji.edu.mx\/en\/wp-json\/wp\/v2\/pages\/537\/revisions"}],"predecessor-version":[{"id":10213,"href":"https:\/\/arji.edu.mx\/en\/wp-json\/wp\/v2\/pages\/537\/revisions\/10213"}],"wp:attachment":[{"href":"https:\/\/arji.edu.mx\/en\/wp-json\/wp\/v2\/media?parent=537"}],"curies":[{"name":"wp","href":"https:\/\/api.w.org\/{rel}","templated":true}]}}